{"id":3005,"date":"2025-06-22T12:49:40","date_gmt":"2025-06-22T17:49:40","guid":{"rendered":"https:\/\/didierartiste.com\/?post_type=product&#038;p=3005"},"modified":"2025-06-22T12:50:54","modified_gmt":"2025-06-22T17:50:54","slug":"michael-schumacher","status":"publish","type":"product","link":"https:\/\/didierartiste.com\/en\/product\/michael-schumacher\/","title":{"rendered":"Michael Schumacher"},"content":{"rendered":"<p><span style=\"font-size: 12pt;\">Stretched canvas on wooden frame: work ready to hang<\/span><\/p>\n<p><span style=\"font-size: 12pt;\">Canvas without wooden frame: rolled canvas, stretching at your expense<\/span><\/p>\n<p><span style=\"font-size: 12pt;\">High quality prints, numbered, offered in a limited edition and accompanied by a signed certificate of authenticity.<\/span><\/p>\n<p><span style=\"font-size: 12pt;\">For any questions: info@didierartiste.com<\/span><\/p>\n<p>To learn more about the artist :\u00a0<a href=\"https:\/\/didierartiste.com\/en\/a-propos\/\">About<\/a><\/p>","protected":false},"excerpt":{"rendered":"<p>S\u00e9rie limit\u00e9e \u00e0 15 impressions sur toile<\/p>\n<p>Original painting not available<\/p>","protected":false},"featured_media":3004,"template":"","meta":[],"product_brand":[],"product_cat":[49],"product_tag":[21],"class_list":{"0":"post-3005","1":"product","2":"type-product","3":"status-publish","4":"has-post-thumbnail","6":"product_cat-sports2","7":"product_tag-impressions","9":"first","10":"instock","11":"taxable","12":"shipping-taxable","13":"purchasable","14":"product-type-variable"},"_links":{"self":[{"href":"https:\/\/didierartiste.com\/en\/wp-json\/wp\/v2\/product\/3005","targetHints":{"allow":["GET"]}}],"collection":[{"href":"https:\/\/didierartiste.com\/en\/wp-json\/wp\/v2\/product"}],"about":[{"href":"https:\/\/didierartiste.com\/en\/wp-json\/wp\/v2\/types\/product"}],"wp:featuredmedia":[{"embeddable":true,"href":"https:\/\/didierartiste.com\/en\/wp-json\/wp\/v2\/media\/3004"}],"wp:attachment":[{"href":"https:\/\/didierartiste.com\/en\/wp-json\/wp\/v2\/media?parent=3005"}],"wp:term":[{"taxonomy":"product_brand","embeddable":true,"href":"https:\/\/didierartiste.com\/en\/wp-json\/wp\/v2\/product_brand?post=3005"},{"taxonomy":"product_cat","embeddable":true,"href":"https:\/\/didierartiste.com\/en\/wp-json\/wp\/v2\/product_cat?post=3005"},{"taxonomy":"product_tag","embeddable":true,"href":"https:\/\/didierartiste.com\/en\/wp-json\/wp\/v2\/product_tag?post=3005"}],"curies":[{"name":"wp","href":"https:\/\/api.w.org\/{rel}","templated":true}]}}