{"id":17,"date":"2020-06-30T01:09:26","date_gmt":"2020-06-30T01:09:26","guid":{"rendered":"https:\/\/didierartiste.com\/?page_id=17"},"modified":"2023-04-03T19:14:30","modified_gmt":"2023-04-04T00:14:30","slug":"a-propos","status":"publish","type":"page","link":"https:\/\/didierartiste.com\/en\/a-propos\/","title":{"rendered":"About"},"content":{"rendered":"<h2 class=\"wp-block-heading\">Didier Artist<\/h2>\n\n\n\n<figure class=\"wp-block-image size-large\"><img loading=\"lazy\" decoding=\"async\" width=\"960\" height=\"640\" src=\"https:\/\/didierartiste.com\/wp-content\/uploads\/2020\/06\/Cover_Didier.jpg\" alt=\"\" class=\"wp-image-11\" srcset=\"https:\/\/didierartiste.com\/wp-content\/uploads\/2020\/06\/Cover_Didier.jpg 960w, https:\/\/didierartiste.com\/wp-content\/uploads\/2020\/06\/Cover_Didier-350x233.jpg 350w, https:\/\/didierartiste.com\/wp-content\/uploads\/2020\/06\/Cover_Didier-300x200.jpg 300w, https:\/\/didierartiste.com\/wp-content\/uploads\/2020\/06\/Cover_Didier-768x512.jpg 768w\" sizes=\"auto, (max-width: 706px) 89vw, (max-width: 767px) 82vw, 740px\" \/><\/figure>\n\n\n\n<p class=\"has-text-align-center\"><\/p>\n\n\n\n<p class=\"has-text-align-center has-text-align-justify\">His head and his heart have always swung between his artistic and rational side. It is moreover the head that led him to complete a bachelor's degree in business administration marketing profile at HEC in 2009. Until 2019, it is his rational side that motivates his professional decisions while his artistic talents were seen as simple hobbies. From the age of 4, his talent in drawing was noticed. At the age of 12, he received his first drum, on which he began his first uproar. Very quickly and for several years, he became a drummer in a band. Music is one of his greatest passions, and he still cherishes the desire to perform on stage. Like the visual arts, music is an innate talent, which he practices on his own.<\/p>\n\n\n\n<p class=\"has-text-align-center has-text-align-justify\">It was at the end of 2018 that he realized that he wanted to make more room for his artistic side and actively started drawing again. Quickly, he wants to touch other mediums associated with art and begins to paint. It was therefore in January 2019 that he produced his first canvas and this experience literally became a revelation for him: he needed to create. With a lot of conviction and determination, he decides to leave his job that he has held for several years (only 3 months after the realization of his first canvas) to dedicate himself to his passion full time.<\/p>\n\n\n\n<p class=\"has-text-align-justify\">Didier is a Quebec painter recognized for the precision of his art, which is described as surgical. This rising artist creates works of surprising realism of well-known personalities and the world of fashion, drawing inspiration from powerful images that challenge him.<\/p>\n\n\n\n<p class=\"has-text-align-justify\">He uses mixed media such as airbrush, acrylic and collage and offers prints on canvas and Arches paper. <\/p>\n\n\n\n<p>For an order of original custom work, do not hesitate to write to him.<\/p>\n\n\n\n<div class=\"wp-block-media-text alignwide is-stacked-on-mobile\"><figure class=\"wp-block-media-text__media\"><img loading=\"lazy\" decoding=\"async\" width=\"957\" height=\"1024\" src=\"https:\/\/didierartiste.com\/wp-content\/uploads\/2022\/08\/Jimi-Hendrix-30X30-957x1024.jpg\" alt=\"\" class=\"wp-image-1758 size-full\" srcset=\"https:\/\/didierartiste.com\/wp-content\/uploads\/2022\/08\/Jimi-Hendrix-30X30-957x1024.jpg 957w, https:\/\/didierartiste.com\/wp-content\/uploads\/2022\/08\/Jimi-Hendrix-30X30-280x300.jpg 280w, https:\/\/didierartiste.com\/wp-content\/uploads\/2022\/08\/Jimi-Hendrix-30X30-768x822.jpg 768w, https:\/\/didierartiste.com\/wp-content\/uploads\/2022\/08\/Jimi-Hendrix-30X30-1436x1536.jpg 1436w, https:\/\/didierartiste.com\/wp-content\/uploads\/2022\/08\/Jimi-Hendrix-30X30-1914x2048.jpg 1914w, https:\/\/didierartiste.com\/wp-content\/uploads\/2022\/08\/Jimi-Hendrix-30X30-11x12.jpg 11w\" sizes=\"auto, (max-width: 706px) 89vw, (max-width: 767px) 82vw, 740px\" \/><\/figure><div class=\"wp-block-media-text__content\">\n<p class=\"has-large-font-size\">The One<\/p>\n\n\n\n<p>The first canvas created by Didier in January 2019.<\/p>\n<\/div><\/div>\n\n\n\n<p><\/p>","protected":false},"excerpt":{"rendered":"<p>Didier Artiste Depuis toujours, sa t\u00eate et son c\u0153ur balancent entre son c\u00f4t\u00e9 artistique et rationnel. C\u2019est d\u2019ailleurs ce dernier qui l\u2019a men\u00e9 \u00e0 compl\u00e9ter un baccalaur\u00e9at en administration des affaires profil marketing \u00e0 HEC&nbsp; en 2009. Jusqu\u2019en 2019, c\u2019est son c\u00f4t\u00e9 rationnel qui motive ses d\u00e9cisions professionnelles alors que ses talents artistiques \u00e9taient per\u00e7us &hellip; <\/p>\n<p class=\"link-more\"><a href=\"https:\/\/didierartiste.com\/en\/a-propos\/\" class=\"more-link\">Continue reading<span class=\"screen-reader-text\"> \u00ab\u00a0\u00c0 propos\u00a0\u00bb<\/span><\/a><\/p>","protected":false},"author":1,"featured_media":0,"parent":0,"menu_order":0,"comment_status":"closed","ping_status":"closed","template":"","meta":{"footnotes":""},"class_list":["post-17","page","type-page","status-publish","hentry"],"_links":{"self":[{"href":"https:\/\/didierartiste.com\/en\/wp-json\/wp\/v2\/pages\/17","targetHints":{"allow":["GET"]}}],"collection":[{"href":"https:\/\/didierartiste.com\/en\/wp-json\/wp\/v2\/pages"}],"about":[{"href":"https:\/\/didierartiste.com\/en\/wp-json\/wp\/v2\/types\/page"}],"author":[{"embeddable":true,"href":"https:\/\/didierartiste.com\/en\/wp-json\/wp\/v2\/users\/1"}],"replies":[{"embeddable":true,"href":"https:\/\/didierartiste.com\/en\/wp-json\/wp\/v2\/comments?post=17"}],"version-history":[{"count":16,"href":"https:\/\/didierartiste.com\/en\/wp-json\/wp\/v2\/pages\/17\/revisions"}],"predecessor-version":[{"id":2196,"href":"https:\/\/didierartiste.com\/en\/wp-json\/wp\/v2\/pages\/17\/revisions\/2196"}],"wp:attachment":[{"href":"https:\/\/didierartiste.com\/en\/wp-json\/wp\/v2\/media?parent=17"}],"curies":[{"name":"wp","href":"https:\/\/api.w.org\/{rel}","templated":true}]}}